{"id":1028,"date":"2024-01-07T00:36:09","date_gmt":"2024-01-07T06:36:09","guid":{"rendered":"https:\/\/gcolmena.mx\/?page_id=1028"},"modified":"2024-01-07T01:16:06","modified_gmt":"2024-01-07T07:16:06","slug":"servicios","status":"publish","type":"page","link":"https:\/\/gcolmena.mx\/index.php\/servicios\/","title":{"rendered":"Servicios"},"content":{"rendered":"\t\t<div data-elementor-type=\"wp-page\" data-elementor-id=\"1028\" class=\"elementor elementor-1028\">\n\t\t\t\t<div class=\"elementor-element elementor-element-73ddd5e e-flex e-con-boxed e-con e-parent\" data-id=\"73ddd5e\" data-element_type=\"container\" data-settings=\"{&quot;background_background&quot;:&quot;classic&quot;,&quot;shape_divider_bottom&quot;:&quot;opacity-fan&quot;}\">\n\t\t\t\t\t<div class=\"e-con-inner\">\n\t\t\t\t<div class=\"elementor-shape elementor-shape-bottom\" data-negative=\"false\">\n\t\t\t<svg xmlns=\"http:\/\/www.w3.org\/2000\/svg\" viewBox=\"0 0 283.5 19.6\" preserveAspectRatio=\"none\">\n\t<path class=\"elementor-shape-fill\" style=\"opacity:0.33\" d=\"M0 0L0 18.8 141.8 4.1 283.5 18.8 283.5 0z\"\/>\n\t<path class=\"elementor-shape-fill\" style=\"opacity:0.33\" d=\"M0 0L0 12.6 141.8 4 283.5 12.6 283.5 0z\"\/>\n\t<path class=\"elementor-shape-fill\" style=\"opacity:0.33\" d=\"M0 0L0 6.4 141.8 4 283.5 6.4 283.5 0z\"\/>\n\t<path class=\"elementor-shape-fill\" d=\"M0 0L0 1.2 141.8 4 283.5 1.2 283.5 0z\"\/>\n<\/svg>\t\t<\/div>\n\t\t<div class=\"elementor-element elementor-element-abf303c e-flex e-con-boxed e-con e-child\" data-id=\"abf303c\" data-element_type=\"container\">\n\t\t\t\t\t<div class=\"e-con-inner\">\n\t\t\t\t<div class=\"elementor-element elementor-element-f68a29a elementor-widget elementor-widget-heading\" data-id=\"f68a29a\" data-element_type=\"widget\" data-widget_type=\"heading.default\">\n\t\t\t\t<div class=\"elementor-widget-container\">\n\t\t\t\t\t<h2 class=\"elementor-heading-title elementor-size-default\">SERVICIOS<\/h2>\t\t\t\t<\/div>\n\t\t\t\t<\/div>\n\t\t\t\t<div class=\"elementor-element elementor-element-d317d19 elementor-widget elementor-widget-heading\" data-id=\"d317d19\" data-element_type=\"widget\" data-widget_type=\"heading.default\">\n\t\t\t\t<div class=\"elementor-widget-container\">\n\t\t\t\t\t<h2 class=\"elementor-heading-title elementor-size-default\">Catalogo de servicios<\/h2>\t\t\t\t<\/div>\n\t\t\t\t<\/div>\n\t\t\t\t\t<\/div>\n\t\t\t\t<\/div>\n\t\t\t\t\t<\/div>\n\t\t\t\t<\/div>\n\t\t\t\t<section class=\"elementor-section elementor-top-section elementor-element elementor-element-57664d8 elementor-section-full_width elementor-section-height-default elementor-section-height-default\" data-id=\"57664d8\" data-element_type=\"section\">\n\t\t\t\t\t\t<div class=\"elementor-container elementor-column-gap-default\">\n\t\t\t\t\t<div class=\"elementor-column elementor-col-100 elementor-top-column elementor-element elementor-element-d217ea7 elementor-invisible\" data-id=\"d217ea7\" data-element_type=\"column\" data-settings=\"{&quot;animation&quot;:&quot;fadeIn&quot;}\">\n\t\t\t<div class=\"elementor-widget-wrap elementor-element-populated\">\n\t\t\t\t\t\t<section class=\"elementor-section elementor-inner-section elementor-element elementor-element-1522bd2 elementor-section-boxed elementor-section-height-default elementor-section-height-default elementor-invisible\" data-id=\"1522bd2\" data-element_type=\"section\" data-settings=\"{&quot;animation&quot;:&quot;fadeIn&quot;}\">\n\t\t\t\t\t\t<div class=\"elementor-container elementor-column-gap-default\">\n\t\t\t\t\t<div class=\"elementor-column elementor-col-100 elementor-inner-column elementor-element elementor-element-9dffa6b\" data-id=\"9dffa6b\" data-element_type=\"column\">\n\t\t\t<div class=\"elementor-widget-wrap elementor-element-populated\">\n\t\t\t\t\t\t<div class=\"elementor-element elementor-element-8508961 elementor-widget__width-initial elementor-widget-divider--view-line elementor-widget elementor-widget-divider\" data-id=\"8508961\" data-element_type=\"widget\" data-widget_type=\"divider.default\">\n\t\t\t\t<div class=\"elementor-widget-container\">\n\t\t\t\t\t\t\t<div class=\"elementor-divider\">\n\t\t\t<span class=\"elementor-divider-separator\">\n\t\t\t\t\t\t<\/span>\n\t\t<\/div>\n\t\t\t\t\t\t<\/div>\n\t\t\t\t<\/div>\n\t\t\t\t<div class=\"elementor-element elementor-element-45ed48b elementor-widget__width-auto elementor-widget elementor-widget-heading\" data-id=\"45ed48b\" data-element_type=\"widget\" data-widget_type=\"heading.default\">\n\t\t\t\t<div class=\"elementor-widget-container\">\n\t\t\t\t\t<h3 class=\"elementor-heading-title elementor-size-default\">Cat\u00e1logo<\/h3>\t\t\t\t<\/div>\n\t\t\t\t<\/div>\n\t\t\t\t<div class=\"elementor-element elementor-element-a9fd5ad elementor-widget__width-initial elementor-widget-divider--view-line elementor-widget elementor-widget-divider\" data-id=\"a9fd5ad\" data-element_type=\"widget\" data-widget_type=\"divider.default\">\n\t\t\t\t<div class=\"elementor-widget-container\">\n\t\t\t\t\t\t\t<div class=\"elementor-divider\">\n\t\t\t<span class=\"elementor-divider-separator\">\n\t\t\t\t\t\t<\/span>\n\t\t<\/div>\n\t\t\t\t\t\t<\/div>\n\t\t\t\t<\/div>\n\t\t\t\t\t<\/div>\n\t\t<\/div>\n\t\t\t\t\t<\/div>\n\t\t<\/section>\n\t\t\t\t\t<\/div>\n\t\t<\/div>\n\t\t\t\t\t<\/div>\n\t\t<\/section>\n\t\t\t\t<section class=\"elementor-section elementor-top-section elementor-element elementor-element-7a8f43c elementor-section-boxed elementor-section-height-default elementor-section-height-default\" data-id=\"7a8f43c\" data-element_type=\"section\">\n\t\t\t\t\t\t<div class=\"elementor-container elementor-column-gap-default\">\n\t\t\t\t\t<div class=\"elementor-column elementor-col-100 elementor-top-column elementor-element elementor-element-9d6a04f\" data-id=\"9d6a04f\" data-element_type=\"column\">\n\t\t\t<div class=\"elementor-widget-wrap elementor-element-populated\">\n\t\t\t\t\t\t<section class=\"elementor-section elementor-inner-section elementor-element elementor-element-ccf2a42 elementor-section-full_width elementor-section-height-default elementor-section-height-default elementor-invisible\" data-id=\"ccf2a42\" data-element_type=\"section\" data-settings=\"{&quot;animation&quot;:&quot;fadeIn&quot;,&quot;animation_delay&quot;:200,&quot;background_background&quot;:&quot;classic&quot;}\">\n\t\t\t\t\t\t<div class=\"elementor-container elementor-column-gap-default\">\n\t\t\t\t\t<div class=\"elementor-column elementor-col-50 elementor-inner-column elementor-element elementor-element-edce028\" data-id=\"edce028\" data-element_type=\"column\" data-settings=\"{&quot;background_background&quot;:&quot;classic&quot;}\">\n\t\t\t<div class=\"elementor-widget-wrap elementor-element-populated\">\n\t\t\t\t\t<div class=\"elementor-background-overlay\"><\/div>\n\t\t\t\t\t\t<div class=\"elementor-element elementor-element-7f51259 elementor-widget elementor-widget-heading\" data-id=\"7f51259\" data-element_type=\"widget\" data-widget_type=\"heading.default\">\n\t\t\t\t<div class=\"elementor-widget-container\">\n\t\t\t\t\t<h2 class=\"elementor-heading-title elementor-size-default\">MANTENIMIENTO EN OBRA INDUSTRIAL <\/h2>\t\t\t\t<\/div>\n\t\t\t\t<\/div>\n\t\t<div class=\"elementor-element elementor-element-6511337 e-flex e-con-boxed e-con e-parent\" data-id=\"6511337\" data-element_type=\"container\" data-settings=\"{&quot;background_background&quot;:&quot;classic&quot;}\">\n\t\t\t\t\t<div class=\"e-con-inner\">\n\t\t\t\t\t<\/div>\n\t\t\t\t<\/div>\n\t\t\t\t\t<\/div>\n\t\t<\/div>\n\t\t\t\t<div class=\"elementor-column elementor-col-50 elementor-inner-column elementor-element elementor-element-029fb6c\" data-id=\"029fb6c\" data-element_type=\"column\" data-settings=\"{&quot;background_background&quot;:&quot;classic&quot;}\">\n\t\t\t<div class=\"elementor-widget-wrap elementor-element-populated\">\n\t\t\t\t\t\t<div class=\"elementor-element elementor-element-0cbd436 elementor-widget elementor-widget-text-editor\" data-id=\"0cbd436\" data-element_type=\"widget\" data-widget_type=\"text-editor.default\">\n\t\t\t\t<div class=\"elementor-widget-container\">\n\t\t\t\t\t\t\t\t\t<ul><li>Mantenimiento preventivo, predictivo y correctivo a circuitos de alumbrado y de contactos<\/li><li>Mantenimiento preventivo y predictivo a transformadores de potencia<\/li><li>Mantenimiento a tableros trif\u00e1sicos principales, de distribuci\u00f3n y seccionales<\/li><li>Mantenimiento preventivo, predictivo y correctivo de motores as\u00edncronos monof\u00e1sicos y trif\u00e1sicos<\/li><li>Mantenimiento a interruptores y arrancadores de AT, MT y BT<\/li><li>Mantenimiento a instalaciones el\u00e9ctricas de emergencia tipo UPS\u00b4S<\/li><li>Cableado y mantenimiento preventivo, predictivo y correctivo a circuitos de control<\/li><li>Cableado y mantenimiento preventivo, predictivo y correctivo a circuitos de fuerza de media y baja tensi\u00f3n (subterr\u00e1neas)<\/li><li>Mantenimiento de equipos de climatizaci\u00f3n de aire acondicionado y sistemas integrales de refrigeraci\u00f3n<\/li><li>Pruebas de resistencia de aislamiento y resistencia \u00f3hmica a equipos el\u00e9ctricos est\u00e1ticos y din\u00e1micos.<\/li><\/ul>\t\t\t\t\t\t\t\t<\/div>\n\t\t\t\t<\/div>\n\t\t\t\t\t<\/div>\n\t\t<\/div>\n\t\t\t\t\t<\/div>\n\t\t<\/section>\n\t\t\t\t\t<\/div>\n\t\t<\/div>\n\t\t\t\t\t<\/div>\n\t\t<\/section>\n\t\t\t\t<section class=\"elementor-section elementor-top-section elementor-element elementor-element-c6a57fe elementor-section-boxed elementor-section-height-default elementor-section-height-default\" data-id=\"c6a57fe\" data-element_type=\"section\">\n\t\t\t\t\t\t<div class=\"elementor-container elementor-column-gap-default\">\n\t\t\t\t\t<div class=\"elementor-column elementor-col-100 elementor-top-column elementor-element elementor-element-19a08d9\" data-id=\"19a08d9\" data-element_type=\"column\">\n\t\t\t<div class=\"elementor-widget-wrap elementor-element-populated\">\n\t\t\t\t\t\t<section class=\"elementor-section elementor-inner-section elementor-element elementor-element-3374abd elementor-section-full_width elementor-section-height-default elementor-section-height-default elementor-invisible\" data-id=\"3374abd\" data-element_type=\"section\" data-settings=\"{&quot;animation&quot;:&quot;fadeIn&quot;,&quot;animation_delay&quot;:200,&quot;background_background&quot;:&quot;classic&quot;}\">\n\t\t\t\t\t\t<div class=\"elementor-container elementor-column-gap-default\">\n\t\t\t\t\t<div class=\"elementor-column elementor-col-50 elementor-inner-column elementor-element elementor-element-d2ecaf6\" data-id=\"d2ecaf6\" data-element_type=\"column\" data-settings=\"{&quot;background_background&quot;:&quot;classic&quot;}\">\n\t\t\t<div class=\"elementor-widget-wrap elementor-element-populated\">\n\t\t\t\t\t\t<div class=\"elementor-element elementor-element-b1665ca elementor-widget elementor-widget-text-editor\" data-id=\"b1665ca\" data-element_type=\"widget\" data-widget_type=\"text-editor.default\">\n\t\t\t\t<div class=\"elementor-widget-container\">\n\t\t\t\t\t\t\t\t\t<ul><li>Dise\u00f1o en instalaci\u00f3n de sistemas fotovoltaicos baja y media tensi\u00f3n, interconectados, aislados o hibridos<\/li><li>Mantenimiento de sistemas fotovoltaicos<\/li><li>Dise\u00f1o de sistemas de bombeo agrario con energ\u00eda fotovoltaica<\/li><li>Mantenimiento a transformadores<\/li><li>Termograf\u00eda de instalaci\u00f3n el\u00e9ctrica<\/li><li>Verificaci\u00f3n de UVIE<\/li><li>Instalaci\u00f3n de calentadores solares<\/li><li>Dise\u00f1o y mantenimiento a instalaciones el\u00e9ctricas y tableros de control<\/li><li>Acometidas industriales y residenciales<\/li><li>Asesor\u00eda energ\u00e9tica<\/li><li>Instalaci\u00f3n de generadores el\u00e9ctricos<\/li><li>Instalaci\u00f3n de aire acondicionado<\/li><li>Mantenimiento de aire acondicionado<\/li><li>Trabajos de fontaner\u00eda y alba\u00f1iler\u00eda<\/li><li>Impermeabilizaci\u00f3n<\/li><\/ul><ol><li>Poliuretano espreado<\/li><li>Impermeabilizante acr\u00edlico fibretado con resanamiento de grietas y tratamientos de losas<\/li><\/ol><ul><li>Tratamiento de albercas<\/li><li>Tratamiento de agua residenciales<\/li><\/ul>\t\t\t\t\t\t\t\t<\/div>\n\t\t\t\t<\/div>\n\t\t\t\t\t<\/div>\n\t\t<\/div>\n\t\t\t\t<div class=\"elementor-column elementor-col-50 elementor-inner-column elementor-element elementor-element-70d468b\" data-id=\"70d468b\" data-element_type=\"column\" data-settings=\"{&quot;background_background&quot;:&quot;classic&quot;}\">\n\t\t\t<div class=\"elementor-widget-wrap elementor-element-populated\">\n\t\t\t\t\t<div class=\"elementor-background-overlay\"><\/div>\n\t\t\t\t\t\t<div class=\"elementor-element elementor-element-567d6a2 elementor-widget elementor-widget-heading\" data-id=\"567d6a2\" data-element_type=\"widget\" data-widget_type=\"heading.default\">\n\t\t\t\t<div class=\"elementor-widget-container\">\n\t\t\t\t\t<h2 class=\"elementor-heading-title elementor-size-default\">Residencial\n <\/h2>\t\t\t\t<\/div>\n\t\t\t\t<\/div>\n\t\t<div class=\"elementor-element elementor-element-374a582 e-flex e-con-boxed e-con e-parent\" data-id=\"374a582\" data-element_type=\"container\" data-settings=\"{&quot;background_background&quot;:&quot;classic&quot;}\">\n\t\t\t\t\t<div class=\"e-con-inner\">\n\t\t\t\t\t<\/div>\n\t\t\t\t<\/div>\n\t\t\t\t\t<\/div>\n\t\t<\/div>\n\t\t\t\t\t<\/div>\n\t\t<\/section>\n\t\t\t\t\t<\/div>\n\t\t<\/div>\n\t\t\t\t\t<\/div>\n\t\t<\/section>\n\t\t\t\t<section class=\"elementor-section elementor-top-section elementor-element elementor-element-3986423 elementor-section-boxed elementor-section-height-default elementor-section-height-default\" data-id=\"3986423\" data-element_type=\"section\">\n\t\t\t\t\t\t<div class=\"elementor-container elementor-column-gap-default\">\n\t\t\t\t\t<div class=\"elementor-column elementor-col-100 elementor-top-column elementor-element elementor-element-c029f5d\" data-id=\"c029f5d\" data-element_type=\"column\">\n\t\t\t<div class=\"elementor-widget-wrap elementor-element-populated\">\n\t\t\t\t\t\t<section class=\"elementor-section elementor-inner-section elementor-element elementor-element-500d395 elementor-section-full_width elementor-section-height-default elementor-section-height-default elementor-invisible\" data-id=\"500d395\" data-element_type=\"section\" data-settings=\"{&quot;animation&quot;:&quot;fadeIn&quot;,&quot;animation_delay&quot;:200,&quot;background_background&quot;:&quot;classic&quot;}\">\n\t\t\t\t\t\t<div class=\"elementor-container elementor-column-gap-default\">\n\t\t\t\t\t<div class=\"elementor-column elementor-col-50 elementor-inner-column elementor-element elementor-element-9928241\" data-id=\"9928241\" data-element_type=\"column\" data-settings=\"{&quot;background_background&quot;:&quot;classic&quot;}\">\n\t\t\t<div class=\"elementor-widget-wrap elementor-element-populated\">\n\t\t\t\t\t\t<div class=\"elementor-element elementor-element-a5a012d elementor-widget elementor-widget-text-editor\" data-id=\"a5a012d\" data-element_type=\"widget\" data-widget_type=\"text-editor.default\">\n\t\t\t\t<div class=\"elementor-widget-container\">\n\t\t\t\t\t\t\t\t\t<ul><li>Filtros y purificadores de agua<\/li><li>Sistemas de osmosis inversa residencial \/ industrial<\/li><li>Sistema de ultrafiltraci\u00f3n<\/li><li>Sistema ultravioleta<\/li><li>Sistema de alcalinizaci\u00f3n de agua<\/li><li>Bombas para agua<\/li><li>Tanques de filtraci\u00f3n<\/li><li>Tanques para hidroneum\u00e1ticos<\/li><li>V\u00e1lvulas<\/li><li>Suavizadores<\/li><li>Qu\u00edmicos para el tratamiento de agua<\/li><li>Ozonificadores<\/li><li>Controladores digitales<\/li><li>Sensores<\/li><li>Analizadores<\/li><li>Medias filtrantes<\/li><li>Generadores el\u00e9ctricos<\/li><li>Contenedores para manejo de residuos<\/li><\/ul>\t\t\t\t\t\t\t\t<\/div>\n\t\t\t\t<\/div>\n\t\t\t\t\t<\/div>\n\t\t<\/div>\n\t\t\t\t<div class=\"elementor-column elementor-col-50 elementor-inner-column elementor-element elementor-element-5174c8d\" data-id=\"5174c8d\" data-element_type=\"column\" data-settings=\"{&quot;background_background&quot;:&quot;classic&quot;}\">\n\t\t\t<div class=\"elementor-widget-wrap elementor-element-populated\">\n\t\t\t\t\t<div class=\"elementor-background-overlay\"><\/div>\n\t\t\t\t\t\t<div class=\"elementor-element elementor-element-704c2d0 elementor-widget elementor-widget-heading\" data-id=\"704c2d0\" data-element_type=\"widget\" data-widget_type=\"heading.default\">\n\t\t\t\t<div class=\"elementor-widget-container\">\n\t\t\t\t\t<h2 class=\"elementor-heading-title elementor-size-default\">Provedur\u00eda\n <\/h2>\t\t\t\t<\/div>\n\t\t\t\t<\/div>\n\t\t<div class=\"elementor-element elementor-element-88f8c95 e-flex e-con-boxed e-con e-parent\" data-id=\"88f8c95\" data-element_type=\"container\" data-settings=\"{&quot;background_background&quot;:&quot;classic&quot;}\">\n\t\t\t\t\t<div class=\"e-con-inner\">\n\t\t\t\t\t<\/div>\n\t\t\t\t<\/div>\n\t\t\t\t\t<\/div>\n\t\t<\/div>\n\t\t\t\t\t<\/div>\n\t\t<\/section>\n\t\t\t\t\t<\/div>\n\t\t<\/div>\n\t\t\t\t\t<\/div>\n\t\t<\/section>\n\t\t\t\t<\/div>\n\t\t","protected":false},"excerpt":{"rendered":"<p>SERVICIOS Catalogo de servicios Cat\u00e1logo MANTENIMIENTO EN OBRA INDUSTRIAL Mantenimiento preventivo, predictivo y correctivo a circuitos de alumbrado y de contactos Mantenimiento preventivo y predictivo a transformadores de potencia Mantenimiento a tableros trif\u00e1sicos principales, de distribuci\u00f3n y seccionales Mantenimiento preventivo, predictivo y correctivo de motores as\u00edncronos monof\u00e1sicos y trif\u00e1sicos Mantenimiento a interruptores y arrancadores de&#8230;<\/p>\n","protected":false},"author":1,"featured_media":0,"parent":0,"menu_order":0,"comment_status":"closed","ping_status":"closed","template":"","meta":{"_kad_post_transparent":"","_kad_post_title":"hide","_kad_post_layout":"fullwidth","_kad_post_sidebar_id":"","_kad_post_content_style":"unboxed","_kad_post_vertical_padding":"hide","_kad_post_feature":"hide","_kad_post_feature_position":"","_kad_post_header":false,"_kad_post_footer":false,"footnotes":""},"_links":{"self":[{"href":"https:\/\/gcolmena.mx\/index.php\/wp-json\/wp\/v2\/pages\/1028"}],"collection":[{"href":"https:\/\/gcolmena.mx\/index.php\/wp-json\/wp\/v2\/pages"}],"about":[{"href":"https:\/\/gcolmena.mx\/index.php\/wp-json\/wp\/v2\/types\/page"}],"author":[{"embeddable":true,"href":"https:\/\/gcolmena.mx\/index.php\/wp-json\/wp\/v2\/users\/1"}],"replies":[{"embeddable":true,"href":"https:\/\/gcolmena.mx\/index.php\/wp-json\/wp\/v2\/comments?post=1028"}],"version-history":[{"count":14,"href":"https:\/\/gcolmena.mx\/index.php\/wp-json\/wp\/v2\/pages\/1028\/revisions"}],"predecessor-version":[{"id":1050,"href":"https:\/\/gcolmena.mx\/index.php\/wp-json\/wp\/v2\/pages\/1028\/revisions\/1050"}],"wp:attachment":[{"href":"https:\/\/gcolmena.mx\/index.php\/wp-json\/wp\/v2\/media?parent=1028"}],"curies":[{"name":"wp","href":"https:\/\/api.w.org\/{rel}","templated":true}]}}